{"id":23,"date":"2025-08-19T19:01:26","date_gmt":"2025-08-19T19:01:26","guid":{"rendered":"https:\/\/fremeaux.net\/wordpress\/home\/"},"modified":"2025-09-21T21:44:22","modified_gmt":"2025-09-21T21:44:22","slug":"home","status":"publish","type":"page","link":"https:\/\/fremeaux.net\/wordpress\/","title":{"rendered":"Accueil"},"content":{"rendered":"\n<p>Site personnel : en construction !<br><br>Ce site est d&rsquo;abord un bac \u00e0 sable. Un endroit o\u00f9 j&rsquo;essaye, tente, exp\u00e9rimente des choses pour d\u00e9velopper mes \u00ab\u00a0skills\u00a0\u00bb sur WordPress.<br>A ce stade, il n&rsquo;a aucune pr\u00e9tention, ni vraiment d&rsquo;int\u00e9r\u00eat&#8230; mais cela viendra peut-\u00eatre&#8230;<\/p>\n","protected":false},"excerpt":{"rendered":"<p>Site personnel : en construction ! Ce site est d&rsquo;abord un bac \u00e0 sable. Un endroit o\u00f9 j&rsquo;essaye, tente, exp\u00e9rimente des choses pour d\u00e9velopper mes \u00ab\u00a0skills\u00a0\u00bb sur WordPress.A ce stade, il n&rsquo;a aucune pr\u00e9tention, ni vraiment d&rsquo;int\u00e9r\u00eat&#8230; mais cela viendra peut-\u00eatre&#8230;<\/p>\n","protected":false},"author":1,"featured_media":0,"parent":0,"menu_order":0,"comment_status":"closed","ping_status":"closed","template":"","meta":{"footnotes":""},"class_list":["post-23","page","type-page","status-publish","hentry"],"jetpack_sharing_enabled":true,"_links":{"self":[{"href":"https:\/\/fremeaux.net\/wordpress\/wp-json\/wp\/v2\/pages\/23","targetHints":{"allow":["GET"]}}],"collection":[{"href":"https:\/\/fremeaux.net\/wordpress\/wp-json\/wp\/v2\/pages"}],"about":[{"href":"https:\/\/fremeaux.net\/wordpress\/wp-json\/wp\/v2\/types\/page"}],"author":[{"embeddable":true,"href":"https:\/\/fremeaux.net\/wordpress\/wp-json\/wp\/v2\/users\/1"}],"replies":[{"embeddable":true,"href":"https:\/\/fremeaux.net\/wordpress\/wp-json\/wp\/v2\/comments?post=23"}],"version-history":[{"count":3,"href":"https:\/\/fremeaux.net\/wordpress\/wp-json\/wp\/v2\/pages\/23\/revisions"}],"predecessor-version":[{"id":78,"href":"https:\/\/fremeaux.net\/wordpress\/wp-json\/wp\/v2\/pages\/23\/revisions\/78"}],"wp:attachment":[{"href":"https:\/\/fremeaux.net\/wordpress\/wp-json\/wp\/v2\/media?parent=23"}],"curies":[{"name":"wp","href":"https:\/\/api.w.org\/{rel}","templated":true}]}}